{"id":1936,"date":"2017-05-02T07:53:49","date_gmt":"2017-05-02T06:53:49","guid":{"rendered":"http:\/\/www.goingsports.de\/?page_id=1936"},"modified":"2023-06-24T19:26:46","modified_gmt":"2023-06-24T18:26:46","slug":"smartphone-app","status":"publish","type":"page","link":"https:\/\/www.goingsports.online\/?page_id=1936","title":{"rendered":"SmartPhone-App"},"content":{"rendered":"<div id=\"pl-1936\"  class=\"panel-layout\" ><div id=\"pg-1936-0\"  class=\"panel-grid panel-no-style\" ><div id=\"pgc-1936-0-0\"  class=\"panel-grid-cell\" ><div id=\"panel-1936-0-0-0\" class=\"so-panel widget widget_text panel-first-child\" data-index=\"0\" >\t\t\t<div class=\"textwidget\"><p>Mit der GoingGolf-App erfassen sie die Scores ihres Spiels.<br \/>\nDie App steht <strong>kostenlos<\/strong> in den jeweiligen App-Stores von Apple und Google zum Download.<\/p>\n<p>Klicken Sie einfach auf die Logos hier auf der Seite um zu dem App-Store weitergeleitet zu werden.<br \/>\nSollten Sie ein SmartPhone besitzen, welches nicht unterst\u00fctzt wird, dann k\u00f6nnen sie \u00fcber den Browser die WebApp aufrugen.<br \/>\nAuch hierzu brauchen sie nur das Logo der WebApp anzuklicken.<\/p>\n<p>&nbsp;<\/p>\n<p>&nbsp;<\/p>\n<\/div>\n\t\t<\/div><div id=\"panel-1936-0-0-1\" class=\"so-panel widget panel-last-child\" data-index=\"1\" ><\/div><\/div><div id=\"pgc-1936-0-1\"  class=\"panel-grid-cell\" ><div id=\"panel-1936-0-1-0\" class=\"so-panel widget widget_sow-image panel-first-child\" data-index=\"2\" ><div\n\t\t\t\n\t\t\tclass=\"so-widget-sow-image so-widget-sow-image-default-8b5b6f678277-1936\"\n\t\t\t\n\t\t>\n<div class=\"sow-image-container\">\n\t\t\t<a href=\"https:\/\/itunes.apple.com\/de\/app\/goinggolf\/id597220274?mt=8\"\n\t\t\ttarget=\"_blank\" rel=\"noopener noreferrer\" \t\t>\n\t\t\t<img \n\tsrc=\"https:\/\/www.goingsports.online\/wp-content\/uploads\/2017\/04\/applestore_100x35.jpg\" width=\"100\" height=\"33\" sizes=\"(max-width: 100px) 100vw, 100px\" title=\"iPhone-App\" alt=\"\" \t\tclass=\"so-widget-image\"\/>\n\t\t\t<\/a><\/div>\n\n<\/div><\/div><div id=\"panel-1936-0-1-1\" class=\"so-panel widget widget_sow-image\" data-index=\"3\" ><div\n\t\t\t\n\t\t\tclass=\"so-widget-sow-image so-widget-sow-image-default-8b5b6f678277-1936\"\n\t\t\t\n\t\t>\n<div class=\"sow-image-container\">\n\t\t\t<a href=\"https:\/\/play.google.com\/store\/apps\/details?id=de.genobis.goinggolfapp\"\n\t\t\ttarget=\"_blank\" rel=\"noopener noreferrer\" \t\t>\n\t\t\t<img \n\tsrc=\"https:\/\/www.goingsports.online\/wp-content\/uploads\/2017\/04\/google_playstore_100x35.jpg\" width=\"100\" height=\"35\" sizes=\"(max-width: 100px) 100vw, 100px\" title=\"Android-App\" alt=\"\" \t\tclass=\"so-widget-image\"\/>\n\t\t\t<\/a><\/div>\n\n<\/div><\/div><div id=\"panel-1936-0-1-2\" class=\"so-panel widget widget_sow-image panel-last-child\" data-index=\"4\" ><div\n\t\t\t\n\t\t\tclass=\"so-widget-sow-image so-widget-sow-image-default-8b5b6f678277-1936\"\n\t\t\t\n\t\t>\n<div class=\"sow-image-container\">\n\t\t\t<a href=\"https:\/\/www.goingsports.online\/webapp\"\n\t\t\ttarget=\"_blank\" rel=\"noopener noreferrer\" \t\t>\n\t\t\t<img \n\tsrc=\"https:\/\/www.goingsports.online\/wp-content\/uploads\/2014\/01\/gg_iphone.png\" width=\"103\" height=\"150\" sizes=\"(max-width: 103px) 100vw, 103px\" title=\"WebApp\" alt=\"\" \t\tclass=\"so-widget-image\"\/>\n\t\t\t<\/a><\/div>\n\n<h3 class=\"widget-title\">WebApp<\/h3><\/div><\/div><\/div><\/div><\/div>","protected":false},"excerpt":{"rendered":"<p>Mit der GoingGolf-App erfassen sie die Scores ihres Spiels. Die App steht kostenlos in den jeweiligen App-Stores von Apple und Google zum Download. Klicken Sie einfach auf die Logos hier auf der Seite um zu dem App-Store weitergeleitet zu werden. Sollten Sie ein SmartPhone besitzen, welches nicht unterst\u00fctzt wird, dann k\u00f6nnen sie \u00fcber den Browser <a href=\"https:\/\/www.goingsports.online\/?page_id=1936\" rel=\"nofollow\"><span class=\"sr-only\">Read more about SmartPhone-App<\/span>[&hellip;]<\/a><\/p>\n","protected":false},"author":1,"featured_media":0,"parent":0,"menu_order":0,"comment_status":"closed","ping_status":"closed","template":"template-fullwidth.php","meta":{"footnotes":""},"class_list":["post-1936","page","type-page","status-publish","hentry"],"_links":{"self":[{"href":"https:\/\/www.goingsports.online\/index.php?rest_route=\/wp\/v2\/pages\/1936","targetHints":{"allow":["GET"]}}],"collection":[{"href":"https:\/\/www.goingsports.online\/index.php?rest_route=\/wp\/v2\/pages"}],"about":[{"href":"https:\/\/www.goingsports.online\/index.php?rest_route=\/wp\/v2\/types\/page"}],"author":[{"embeddable":true,"href":"https:\/\/www.goingsports.online\/index.php?rest_route=\/wp\/v2\/users\/1"}],"replies":[{"embeddable":true,"href":"https:\/\/www.goingsports.online\/index.php?rest_route=%2Fwp%2Fv2%2Fcomments&post=1936"}],"version-history":[{"count":35,"href":"https:\/\/www.goingsports.online\/index.php?rest_route=\/wp\/v2\/pages\/1936\/revisions"}],"predecessor-version":[{"id":3732,"href":"https:\/\/www.goingsports.online\/index.php?rest_route=\/wp\/v2\/pages\/1936\/revisions\/3732"}],"wp:attachment":[{"href":"https:\/\/www.goingsports.online\/index.php?rest_route=%2Fwp%2Fv2%2Fmedia&parent=1936"}],"curies":[{"name":"wp","href":"https:\/\/api.w.org\/{rel}","templated":true}]}}